{"id":373,"date":"2021-10-13T22:15:50","date_gmt":"2021-10-13T18:15:50","guid":{"rendered":"http:\/\/mixer.ge\/?post_type=product&#038;p=373"},"modified":"2025-02-09T21:18:59","modified_gmt":"2025-02-09T17:18:59","slug":"weight-dispenser-3","status":"publish","type":"product","link":"https:\/\/mixer.ge\/?product=weight-dispenser-3&lang=fr","title":{"rendered":"Doseur de pes\u00e9e"},"content":{"rendered":"<p><img loading=\"lazy\" decoding=\"async\" class=\"alignnone size-medium wp-image-213\" src=\"http:\/\/mixer.ge\/wp-content\/uploads\/Dispenser_spec_1200.png\" alt=\"\" width=\"1200\" height=\"900\" \/><\/p>\n","protected":false},"excerpt":{"rendered":"<p><span style=\"color: #808000;\">Le doseur de pesage automatique \u00e0 action discr\u00e8te DVS-301 est con\u00e7u pour le pesage automatique de doses sp\u00e9cifi\u00e9es de mat\u00e9riau. En m\u00eame temps, l&#8217;affichage num\u00e9rique indique la masse du mat\u00e9riau distribu\u00e9 avec le total cumul\u00e9 du nombre total de doses.<\/span><\/p>\n<p><span style=\"color: #808000;\">La tr\u00e9mie du doseur est en acier inoxydable.<\/span><\/p>\n<p><span style=\"color: #808000;\">Le distributeur a une sortie vers des appareils d&#8217;enregistrement externes via une interface RS-485 standard.<\/span><\/p>\n<hr \/>\n<div class=\"csRow\">\n<div class=\"csColumnGap\" style=\"margin: 0px; padding: 0px; float: left; width: 1.56%;\"><img decoding=\"async\" style=\"border: none;\" src=\"http:\/\/dvb4all.com\/wp-content\/plugins\/advanced-wp-columns\/assets\/js\/plugins\/views\/img\/1x1-pixel.png\" \/><\/div>\n<div class=\"csColumn\" style=\"margin: 0px; padding: 0px; float: left; width: 17.1%;\" data-csstartpoint=\"15\" data-csendpoint=\"179.5\" data-cswidth=\"17.1%\" data-csid=\"7203060e-1637-f862-8c55-83a621769cd0\"><img loading=\"lazy\" decoding=\"async\" class=\"alignnone size-full wp-image-18\" src=\"http:\/\/mixer.ge\/wp-content\/uploads\/WEIGHT_DISPENSER_datasheet_thumbnail.jpg\" alt=\"\" width=\"141\" height=\"199\" \/><\/div>\n<div class=\"csColumnGap\" style=\"margin: 0px; padding: 0px; float: left; width: 2.71%;\"><img decoding=\"async\" style=\"border: none;\" src=\"http:\/\/dvb4all.com\/wp-content\/plugins\/advanced-wp-columns\/assets\/js\/plugins\/views\/img\/1x1-pixel.png\" \/><\/div>\n<div class=\"csColumn\" style=\"margin: 0px; padding: 0px; float: left; width: 77%;\" data-csstartpoint=\"205.5\" data-csendpoint=\"945\" data-cswidth=\"77.0%\" data-csid=\"f48d6473-ee9b-67ad-848b-21e61dd08d79\">[wpdm_package id='279']<\/div>\n<div class=\"csColumnGap\" style=\"margin: 0px; padding: 0px; float: left; width: 1.56%;\"><img decoding=\"async\" style=\"border: none;\" src=\"http:\/\/dvb4all.com\/wp-content\/plugins\/advanced-wp-columns\/assets\/js\/plugins\/views\/img\/1x1-pixel.png\" \/><\/div>\n<div style=\"clear: both; float: none; display: block; visibility: hidden; width: 0px; font-size: 0px; line-height: 0;\"><\/div>\n<\/div>\n<p>&nbsp;<\/p>\n<p>&nbsp;<\/p>\n<hr \/>\n<p>30 days delivery term<\/p>\n","protected":false},"featured_media":1732,"template":"","meta":[],"product_brand":[],"product_cat":[32],"product_tag":[],"class_list":{"0":"post-373","1":"product","2":"type-product","3":"status-publish","4":"has-post-thumbnail","6":"product_cat-uncategorized-fr","8":"first","9":"onbackorder","10":"shipping-taxable","11":"purchasable","12":"product-type-simple"},"_links":{"self":[{"href":"https:\/\/mixer.ge\/index.php?rest_route=\/wp\/v2\/product\/373","targetHints":{"allow":["GET"]}}],"collection":[{"href":"https:\/\/mixer.ge\/index.php?rest_route=\/wp\/v2\/product"}],"about":[{"href":"https:\/\/mixer.ge\/index.php?rest_route=\/wp\/v2\/types\/product"}],"wp:featuredmedia":[{"embeddable":true,"href":"https:\/\/mixer.ge\/index.php?rest_route=\/wp\/v2\/media\/1732"}],"wp:attachment":[{"href":"https:\/\/mixer.ge\/index.php?rest_route=%2Fwp%2Fv2%2Fmedia&parent=373"}],"wp:term":[{"taxonomy":"product_brand","embeddable":true,"href":"https:\/\/mixer.ge\/index.php?rest_route=%2Fwp%2Fv2%2Fproduct_brand&post=373"},{"taxonomy":"product_cat","embeddable":true,"href":"https:\/\/mixer.ge\/index.php?rest_route=%2Fwp%2Fv2%2Fproduct_cat&post=373"},{"taxonomy":"product_tag","embeddable":true,"href":"https:\/\/mixer.ge\/index.php?rest_route=%2Fwp%2Fv2%2Fproduct_tag&post=373"}],"curies":[{"name":"wp","href":"https:\/\/api.w.org\/{rel}","templated":true}]}}