{"id":388,"date":"2021-10-13T22:43:03","date_gmt":"2021-10-13T18:43:03","guid":{"rendered":"http:\/\/mixer.ge\/?post_type=product&#038;p=388"},"modified":"2026-01-28T16:52:01","modified_gmt":"2026-01-28T12:52:01","slug":"500l-hopper-with-dispenser-3","status":"publish","type":"product","link":"https:\/\/mixer.ge\/?product=500l-hopper-with-dispenser-3&lang=fr","title":{"rendered":"500L Tr\u00e9mie et distributeur"},"content":{"rendered":"<p><img loading=\"lazy\" decoding=\"async\" class=\"alignnone size-medium wp-image-98 alignleft\" src=\"http:\/\/mixer.ge\/wp-content\/uploads\/Hopper_connection.png\" alt=\"\" width=\"1200\" height=\"460\" \/><\/p>\n","protected":false},"excerpt":{"rendered":"<p><span style=\"color: #808000;\">Les bacs pour mati\u00e8res premi\u00e8res sont en acier inoxydable. 6 bacs sont assembl\u00e9s en une figure compacte avec un hexagone sup\u00e9rieur. Le volume de chaque <\/span><br \/>\n<span style=\"color: #808000;\">tr\u00e9mie est de 0,5 m\u00e8tre cube. Pour \u00e9viter un remplissage erron\u00e9 du bac avec des mati\u00e8res premi\u00e8res inadapt\u00e9es, il est possibilit\u00e9 d&#8217;\u00e9quiper les couvercles sup\u00e9rieurs des bacs de serrures pneumatiques un seul couvercle de tr\u00e9mie est ouvert afin d&#8217;\u00e9liminer les erreurs de chargement Trois capteurs de pesage sont install\u00e9s sur chaque tr\u00e9mie.<\/span><\/p>\n<p><span style=\"color: #808000;\">Les donn\u00e9es de trois capteurs de pesage sont transmises au contr\u00f4leur de pesage. Les lectures des capteurs sont additionn\u00e9es, et les informations sont transmises au processeur central via le bus CAN.<\/span><\/p>\n<hr \/>\n<div class=\"csRow\">\n<div class=\"csColumnGap\" style=\"margin: 0px; padding: 0px; float: left; width: 1.56%;\"><img decoding=\"async\" style=\"border: none;\" src=\"http:\/\/dvb4all.com\/wp-content\/plugins\/advanced-wp-columns\/assets\/js\/plugins\/views\/img\/1x1-pixel.png\" \/><\/div>\n<div class=\"csColumn\" style=\"margin: 0px; padding: 0px; float: left; width: 17.1%;\" data-csstartpoint=\"15\" data-csendpoint=\"179.5\" data-cswidth=\"17.1%\" data-csid=\"7203060e-1637-f862-8c55-83a621769cd0\"><img loading=\"lazy\" decoding=\"async\" class=\"alignnone size-full wp-image-18\" src=\"https:\/\/mixer.ge\/wp-content\/uploads\/HOPPER_and_DISPENSER_datasheet_thumbnail.jpg\" alt=\"\" width=\"141\" height=\"199\" \/><\/div>\n<div class=\"csColumnGap\" style=\"margin: 0px; padding: 0px; float: left; width: 2.71%;\"><img decoding=\"async\" style=\"border: none;\" src=\"http:\/\/dvb4all.com\/wp-content\/plugins\/advanced-wp-columns\/assets\/js\/plugins\/views\/img\/1x1-pixel.png\" \/><\/div>\n<div class=\"csColumn\" style=\"margin: 0px; padding: 0px; float: left; width: 77%;\" data-csstartpoint=\"205.5\" data-csendpoint=\"945\" data-cswidth=\"77.0%\" data-csid=\"f48d6473-ee9b-67ad-848b-21e61dd08d79\">[wpdm_package id='277']<\/div>\n<p>&nbsp;<\/p>\n<div data-csstartpoint=\"205.5\" data-csendpoint=\"945\" data-cswidth=\"77.0%\" data-csid=\"f48d6473-ee9b-67ad-848b-21e61dd08d79\"><\/div>\n<div data-csstartpoint=\"205.5\" data-csendpoint=\"945\" data-cswidth=\"77.0%\" data-csid=\"f48d6473-ee9b-67ad-848b-21e61dd08d79\"><\/div>\n<div data-csstartpoint=\"205.5\" data-csendpoint=\"945\" data-cswidth=\"77.0%\" data-csid=\"f48d6473-ee9b-67ad-848b-21e61dd08d79\"><\/div>\n<div data-csstartpoint=\"205.5\" data-csendpoint=\"945\" data-cswidth=\"77.0%\" data-csid=\"f48d6473-ee9b-67ad-848b-21e61dd08d79\"><\/div>\n<\/div>\n<div data-csstartpoint=\"205.5\" data-csendpoint=\"945\" data-cswidth=\"77.0%\" data-csid=\"f48d6473-ee9b-67ad-848b-21e61dd08d79\"><\/div>\n<div data-csstartpoint=\"205.5\" data-csendpoint=\"945\" data-cswidth=\"77.0%\" data-csid=\"f48d6473-ee9b-67ad-848b-21e61dd08d79\"><\/div>\n<div data-csstartpoint=\"205.5\" data-csendpoint=\"945\" data-cswidth=\"77.0%\" data-csid=\"f48d6473-ee9b-67ad-848b-21e61dd08d79\">\n<hr \/>\n<hr \/>\n<hr \/>\n<hr \/>\n<hr \/>\n<\/div>\n<div data-csstartpoint=\"205.5\" data-csendpoint=\"945\" data-cswidth=\"77.0%\" data-csid=\"f48d6473-ee9b-67ad-848b-21e61dd08d79\">\n<div data-csstartpoint=\"205.5\" data-csendpoint=\"945\" data-cswidth=\"77.0%\" data-csid=\"f48d6473-ee9b-67ad-848b-21e61dd08d79\">\n<div class=\"csColumnGap\" style=\"margin: 0px; padding: 0px; float: left; width: 1.56%;\"><\/div>\n<div class=\"csColumn\" style=\"margin: 0px; padding-top: 0px; padding-right: 0px; padding-bottom: 0px; float: left; width: 17.1%;\" data-csstartpoint=\"15\" data-csendpoint=\"179.5\" data-cswidth=\"17.1%\" data-csid=\"7203060e-1637-f862-8c55-83a621769cd0\"><img loading=\"lazy\" decoding=\"async\" class=\"size-full wp-image-641 alignnone\" src=\"https:\/\/mixer.ge\/wp-content\/uploads\/HoppersTara_thumbnail.jpg\" alt=\"Formulas_upload_program_thumbnail.jpg\" width=\"200\" height=\"100\" \/><\/div>\n<div class=\"csColumnGap\" style=\"margin: 0px; padding: 0px; float: left; width: 2.71%;\"><img decoding=\"async\" style=\"border: none;\" src=\"http:\/\/dvb4all.com\/wp-content\/plugins\/advanced-wp-columns\/assets\/js\/plugins\/views\/img\/1x1-pixel.png\" \/><\/div>\n<h3 style=\"text-align: left;\"><span style=\"color: #3366ff;\"><a style=\"color: #3366ff;\" href=\"https:\/\/mixer.ge\/wp-content\/uploads\/2021\/10\/HoppersTaraDemo.exe\">Hoppers Tara_program\u00a0<\/a><\/span><\/h3>\n<\/div>\n<p>&nbsp;<\/p>\n<div data-csstartpoint=\"205.5\" data-csendpoint=\"945\" data-cswidth=\"77.0%\" data-csid=\"f48d6473-ee9b-67ad-848b-21e61dd08d79\">\n<div data-csstartpoint=\"205.5\" data-csendpoint=\"945\" data-cswidth=\"77.0%\" data-csid=\"f48d6473-ee9b-67ad-848b-21e61dd08d79\">\n<hr \/>\n<\/div>\n<\/div>\n<\/div>\n<div class=\"csRow\">\n<div class=\"csColumn\" style=\"margin: 0px; padding-top: 0px; padding-right: 0px; padding-bottom: 0px; float: left; width: 17.1%;\" data-csstartpoint=\"15\" data-csendpoint=\"179.5\" data-cswidth=\"17.1%\" data-csid=\"7203060e-1637-f862-8c55-83a621769cd0\"><img loading=\"lazy\" decoding=\"async\" class=\"size-full wp-image-641 alignnone\" src=\"http:\/\/mixer.ge\/wp-content\/uploads\/Settings_program_thumbnail.jpg\" alt=\"Formulas_upload_program_thumbnail.jpg\" width=\"200\" height=\"100\" \/><\/div>\n<div class=\"csColumnGap\" style=\"margin: 0px; padding: 0px; float: left; width: 2.71%;\"><img decoding=\"async\" style=\"border: none;\" src=\"http:\/\/dvb4all.com\/wp-content\/plugins\/advanced-wp-columns\/assets\/js\/plugins\/views\/img\/1x1-pixel.png\" \/><\/div>\n<h3 style=\"text-align: left;\"><span style=\"color: #3366ff;\"><a style=\"color: #3366ff;\" href=\"https:\/\/mixer.ge\/wp-content\/uploads\/2021\/10\/MixerSettingsDemo.exe\">Mixer Settings_program\u00a0<\/a><\/span><\/h3>\n<div data-csstartpoint=\"205.5\" data-csendpoint=\"945\" data-cswidth=\"77.0%\" data-csid=\"f48d6473-ee9b-67ad-848b-21e61dd08d79\"><\/div>\n<p>&nbsp;<\/p>\n<\/div>\n","protected":false},"featured_media":1404,"template":"","meta":[],"product_brand":[],"product_cat":[32],"product_tag":[],"class_list":{"0":"post-388","1":"product","2":"type-product","3":"status-publish","4":"has-post-thumbnail","6":"product_cat-uncategorized-fr","8":"first","9":"onbackorder","10":"shipping-taxable","11":"purchasable","12":"product-type-simple"},"_links":{"self":[{"href":"https:\/\/mixer.ge\/index.php?rest_route=\/wp\/v2\/product\/388","targetHints":{"allow":["GET"]}}],"collection":[{"href":"https:\/\/mixer.ge\/index.php?rest_route=\/wp\/v2\/product"}],"about":[{"href":"https:\/\/mixer.ge\/index.php?rest_route=\/wp\/v2\/types\/product"}],"wp:featuredmedia":[{"embeddable":true,"href":"https:\/\/mixer.ge\/index.php?rest_route=\/wp\/v2\/media\/1404"}],"wp:attachment":[{"href":"https:\/\/mixer.ge\/index.php?rest_route=%2Fwp%2Fv2%2Fmedia&parent=388"}],"wp:term":[{"taxonomy":"product_brand","embeddable":true,"href":"https:\/\/mixer.ge\/index.php?rest_route=%2Fwp%2Fv2%2Fproduct_brand&post=388"},{"taxonomy":"product_cat","embeddable":true,"href":"https:\/\/mixer.ge\/index.php?rest_route=%2Fwp%2Fv2%2Fproduct_cat&post=388"},{"taxonomy":"product_tag","embeddable":true,"href":"https:\/\/mixer.ge\/index.php?rest_route=%2Fwp%2Fv2%2Fproduct_tag&post=388"}],"curies":[{"name":"wp","href":"https:\/\/api.w.org\/{rel}","templated":true}]}}