{"id":391,"date":"2021-10-13T22:50:31","date_gmt":"2021-10-13T18:50:31","guid":{"rendered":"http:\/\/mixer.ge\/?post_type=product&#038;p=391"},"modified":"2026-01-28T17:43:16","modified_gmt":"2026-01-28T13:43:16","slug":"control-console-3","status":"publish","type":"product","link":"https:\/\/mixer.ge\/?product=control-console-3&lang=fr","title":{"rendered":"Le panneau de contr\u00f4le"},"content":{"rendered":"<p><img loading=\"lazy\" decoding=\"async\" class=\"alignnone size-medium wp-image-93\" src=\"http:\/\/mixer.ge\/wp-content\/uploads\/Control_Console_connection.png\" alt=\"\" width=\"1200\" height=\"425\" \/><\/p>\n","protected":false},"excerpt":{"rendered":"<p><span style=\"color: #808000;\">Tous les appareils de l&#8217;usine sont contr\u00f4l\u00e9s par un processeur situ\u00e9 dans le panneau de contr\u00f4le. En raison du fait que la production pr\u00e9sente un niveau accru de risque d&#8217;explosion et d&#8217;incendie, tous les actionneurs doivent avoir un entra\u00eenement pneumatique. Les signaux de contr\u00f4le du panneau iront aux vannes pneumatiques et l&#8217;air comprim\u00e9 \u00e0 travers les tubes contr\u00f4lera les cylindres pneumatiques des actionneurs.<\/span><\/p>\n<p><span style=\"color: #808000;\">Le panneau de contr\u00f4le est fourni avec le logiciel original TROPHY, qui est inclus dans le prix du panneau.<br \/>\nLe panneau de contr\u00f4le envoie des commandes aux contr\u00f4leurs et re\u00e7oit des donn\u00e9es des contr\u00f4leurs via le bus CAN.<\/span><\/p>\n<hr \/>\n<div class=\"csRow\">\n<div class=\"csColumnGap\" style=\"margin: 0px; padding: 0px; float: left; width: 1.56%;\"><img decoding=\"async\" style=\"border: none;\" src=\"http:\/\/dvb4all.com\/wp-content\/plugins\/advanced-wp-columns\/assets\/js\/plugins\/views\/img\/1x1-pixel.png\" \/><\/div>\n<\/div>\n<div class=\"csRow\"><\/div>\n<div data-csstartpoint=\"205.5\" data-csendpoint=\"945\" data-cswidth=\"77.0%\" data-csid=\"f48d6473-ee9b-67ad-848b-21e61dd08d79\"><\/div>\n<div data-csstartpoint=\"205.5\" data-csendpoint=\"945\" data-cswidth=\"77.0%\" data-csid=\"f48d6473-ee9b-67ad-848b-21e61dd08d79\">\n<div data-csstartpoint=\"205.5\" data-csendpoint=\"945\" data-cswidth=\"77.0%\" data-csid=\"f48d6473-ee9b-67ad-848b-21e61dd08d79\">\n<div class=\"csColumnGap\" style=\"margin: 0px; padding: 0px; float: left; width: 1.56%;\"><\/div>\n<div class=\"csColumn\" style=\"margin: 0px; padding-top: 0px; padding-right: 0px; padding-bottom: 0px; float: left; width: 17.1%;\" data-csstartpoint=\"15\" data-csendpoint=\"179.5\" data-cswidth=\"17.1%\" data-csid=\"7203060e-1637-f862-8c55-83a621769cd0\"><img loading=\"lazy\" decoding=\"async\" class=\"size-full wp-image-641 alignnone\" src=\"https:\/\/mixer.ge\/wp-content\/uploads\/Programs_thumbnail.jpg\" alt=\"Formulas_upload_program_thumbnail.jpg\" width=\"200\" height=\"100\" \/><\/div>\n<div class=\"csColumnGap\" style=\"margin: 0px; padding: 0px; float: left; width: 2.71%;\"><img decoding=\"async\" style=\"border: none;\" src=\"http:\/\/dvb4all.com\/wp-content\/plugins\/advanced-wp-columns\/assets\/js\/plugins\/views\/img\/1x1-pixel.png\" \/><\/div>\n<h3 style=\"text-align: left;\"><a href=\"https:\/\/mixer.ge\/wp-content\/uploads\/2021\/10\/programs.xlsx\"><span style=\"color: #3366ff;\">Formulas_Creating program<\/span><\/a><\/h3>\n<\/div>\n<\/div>\n<p>&nbsp;<\/p>\n<div data-csstartpoint=\"205.5\" data-csendpoint=\"945\" data-cswidth=\"77.0%\" data-csid=\"f48d6473-ee9b-67ad-848b-21e61dd08d79\">\n<div data-csstartpoint=\"205.5\" data-csendpoint=\"945\" data-cswidth=\"77.0%\" data-csid=\"f48d6473-ee9b-67ad-848b-21e61dd08d79\">\n<div data-csstartpoint=\"205.5\" data-csendpoint=\"945\" data-cswidth=\"77.0%\" data-csid=\"f48d6473-ee9b-67ad-848b-21e61dd08d79\">\n<hr \/>\n<\/div>\n<\/div>\n<\/div>\n<div class=\"csRow\">\n<div class=\"csColumn\" style=\"margin: 0px; padding-top: 0px; padding-right: 0px; padding-bottom: 0px; float: left; width: 17.1%;\" data-csstartpoint=\"15\" data-csendpoint=\"179.5\" data-cswidth=\"17.1%\" data-csid=\"7203060e-1637-f862-8c55-83a621769cd0\"><img loading=\"lazy\" decoding=\"async\" class=\"size-full wp-image-641 alignnone\" src=\"https:\/\/mixer.ge\/wp-content\/uploads\/Formulas_upload_program_thumbnail.jpg\" alt=\"Formulas_upload_program_thumbnail.jpg\" width=\"200\" height=\"100\" \/><\/div>\n<div class=\"csColumnGap\" style=\"margin: 0px; padding: 0px; float: left; width: 2.71%;\"><img decoding=\"async\" style=\"border: none;\" src=\"http:\/\/dvb4all.com\/wp-content\/plugins\/advanced-wp-columns\/assets\/js\/plugins\/views\/img\/1x1-pixel.png\" \/><\/div>\n<h3 style=\"text-align: left;\"><span style=\"color: #3366ff;\"><a style=\"color: #3366ff;\" href=\"https:\/\/mixer.ge\/wp-content\/uploads\/2021\/10\/ProgCtrl.exe\">Formulas_Upload program<\/a><\/span><\/h3>\n<div data-csstartpoint=\"205.5\" data-csendpoint=\"945\" data-cswidth=\"77.0%\" data-csid=\"f48d6473-ee9b-67ad-848b-21e61dd08d79\"><\/div>\n<p>&nbsp;<\/p>\n<\/div>\n<hr \/>\n<div data-csstartpoint=\"205.5\" data-csendpoint=\"945\" data-cswidth=\"77.0%\" data-csid=\"f48d6473-ee9b-67ad-848b-21e61dd08d79\">\n<div data-csstartpoint=\"205.5\" data-csendpoint=\"945\" data-cswidth=\"77.0%\" data-csid=\"f48d6473-ee9b-67ad-848b-21e61dd08d79\">\n<div class=\"csColumnGap\" style=\"margin: 0px; padding: 0px; float: left; width: 1.56%;\"><\/div>\n<div class=\"csColumn\" style=\"margin: 0px; padding-top: 0px; padding-right: 0px; padding-bottom: 0px; float: left; width: 17.1%;\" data-csstartpoint=\"15\" data-csendpoint=\"179.5\" data-cswidth=\"17.1%\" data-csid=\"7203060e-1637-f862-8c55-83a621769cd0\"><img loading=\"lazy\" decoding=\"async\" class=\"size-full wp-image-641 alignnone\" src=\"https:\/\/mixer.ge\/wp-content\/uploads\/HoppersTara_thumbnail.jpg\" alt=\"Formulas_upload_program_thumbnail.jpg\" width=\"200\" height=\"100\" \/><\/div>\n<div class=\"csColumnGap\" style=\"margin: 0px; padding: 0px; float: left; width: 2.71%;\"><img decoding=\"async\" style=\"border: none;\" src=\"http:\/\/dvb4all.com\/wp-content\/plugins\/advanced-wp-columns\/assets\/js\/plugins\/views\/img\/1x1-pixel.png\" \/><\/div>\n<h3 style=\"text-align: left;\"><span style=\"color: #3366ff;\"><a style=\"color: #3366ff;\" href=\"https:\/\/mixer.ge\/wp-content\/uploads\/2021\/10\/HoppersTaraDemo.exe\">Hoppers Tara program\u00a0<\/a><\/span><\/h3>\n<\/div>\n<p>&nbsp;<\/p>\n<div data-csstartpoint=\"205.5\" data-csendpoint=\"945\" data-cswidth=\"77.0%\" data-csid=\"f48d6473-ee9b-67ad-848b-21e61dd08d79\">\n<div data-csstartpoint=\"205.5\" data-csendpoint=\"945\" data-cswidth=\"77.0%\" data-csid=\"f48d6473-ee9b-67ad-848b-21e61dd08d79\">\n<hr \/>\n<\/div>\n<\/div>\n<\/div>\n<div class=\"csRow\">\n<div class=\"csColumn\" style=\"margin: 0px; padding-top: 0px; padding-right: 0px; padding-bottom: 0px; float: left; width: 17.1%;\" data-csstartpoint=\"15\" data-csendpoint=\"179.5\" data-cswidth=\"17.1%\" data-csid=\"7203060e-1637-f862-8c55-83a621769cd0\"><img loading=\"lazy\" decoding=\"async\" class=\"size-full wp-image-641 alignnone\" src=\"http:\/\/mixer.ge\/wp-content\/uploads\/Settings_program_thumbnail.jpg\" alt=\"Formulas_upload_program_thumbnail.jpg\" width=\"200\" height=\"100\" \/><\/div>\n<div class=\"csColumnGap\" style=\"margin: 0px; padding: 0px; float: left; width: 2.71%;\"><img decoding=\"async\" style=\"border: none;\" src=\"http:\/\/dvb4all.com\/wp-content\/plugins\/advanced-wp-columns\/assets\/js\/plugins\/views\/img\/1x1-pixel.png\" \/><\/div>\n<h3 style=\"text-align: left;\"><span style=\"color: #3366ff;\"><a style=\"color: #3366ff;\" href=\"https:\/\/mixer.ge\/wp-content\/uploads\/2021\/10\/MixerSettingsDemo.exe\">Mixer Settings program\u00a0<\/a><\/span><\/h3>\n<div data-csstartpoint=\"205.5\" data-csendpoint=\"945\" data-cswidth=\"77.0%\" data-csid=\"f48d6473-ee9b-67ad-848b-21e61dd08d79\"><\/div>\n<p>&nbsp;<\/p>\n<\/div>\n","protected":false},"featured_media":1157,"template":"","meta":[],"product_brand":[],"product_cat":[32],"product_tag":[],"class_list":{"0":"post-391","1":"product","2":"type-product","3":"status-publish","4":"has-post-thumbnail","6":"product_cat-uncategorized-fr","8":"first","9":"onbackorder","10":"shipping-taxable","11":"purchasable","12":"product-type-simple"},"_links":{"self":[{"href":"https:\/\/mixer.ge\/index.php?rest_route=\/wp\/v2\/product\/391","targetHints":{"allow":["GET"]}}],"collection":[{"href":"https:\/\/mixer.ge\/index.php?rest_route=\/wp\/v2\/product"}],"about":[{"href":"https:\/\/mixer.ge\/index.php?rest_route=\/wp\/v2\/types\/product"}],"wp:featuredmedia":[{"embeddable":true,"href":"https:\/\/mixer.ge\/index.php?rest_route=\/wp\/v2\/media\/1157"}],"wp:attachment":[{"href":"https:\/\/mixer.ge\/index.php?rest_route=%2Fwp%2Fv2%2Fmedia&parent=391"}],"wp:term":[{"taxonomy":"product_brand","embeddable":true,"href":"https:\/\/mixer.ge\/index.php?rest_route=%2Fwp%2Fv2%2Fproduct_brand&post=391"},{"taxonomy":"product_cat","embeddable":true,"href":"https:\/\/mixer.ge\/index.php?rest_route=%2Fwp%2Fv2%2Fproduct_cat&post=391"},{"taxonomy":"product_tag","embeddable":true,"href":"https:\/\/mixer.ge\/index.php?rest_route=%2Fwp%2Fv2%2Fproduct_tag&post=391"}],"curies":[{"name":"wp","href":"https:\/\/api.w.org\/{rel}","templated":true}]}}