{"id":396,"date":"2021-10-13T23:00:43","date_gmt":"2021-10-13T19:00:43","guid":{"rendered":"http:\/\/mixer.ge\/?post_type=product&#038;p=396"},"modified":"2026-01-28T17:11:31","modified_gmt":"2026-01-28T13:11:31","slug":"fzm-200-twin-shaft-mixer-3","status":"publish","type":"product","link":"https:\/\/mixer.ge\/?product=fzm-200-twin-shaft-mixer-3&lang=fr","title":{"rendered":"M\u00e9langeur biaxial FZM-200"},"content":{"rendered":"<p><img loading=\"lazy\" decoding=\"async\" class=\"alignnone size-medium wp-image-222\" src=\"http:\/\/mixer.ge\/wp-content\/uploads\/Mixer_spec.png\" alt=\"\" width=\"1200\" height=\"795\" \/><\/p>\n","protected":false},"excerpt":{"rendered":"<p><span style=\"color: #808000;\">L&#8217;int\u00e9rieur du m\u00e9langeur, les arbres et les lames sont en acier inoxydable. Un m\u00e9lange tr\u00e8s efficace est obtenu gr\u00e2ce \u00e0 la cr\u00e9ation d&#8217;un vortex en apesanteur, gr\u00e2ce auquel les produits dans la zone fluidis\u00e9e acqui\u00e8rent des param\u00e8tres conformes aux normes internationales. La zone de fluidisation cr\u00e9\u00e9e dans le m\u00e9langeur offre une totale libert\u00e9 de mouvement de la mati\u00e8re premi\u00e8re, ce qui permet aux particules de se d\u00e9placer librement et de saturer. Toutes les fonctions du Mixer sont contr\u00f4l\u00e9es par le Mixer L&#8217;int\u00e9rieur du m\u00e9langeur, les arbres et les lames sont en acier inoxydable. Un m\u00e9lange tr\u00e8s efficace est obtenu gr\u00e2ce \u00e0 la cr\u00e9ation d&#8217;un vortex en apesanteur, gr\u00e2ce auquel les produits dans la zone fluidis\u00e9e acqui\u00e8rent des param\u00e8tres conformes aux normes internationales. La zone de fluidisation cr\u00e9\u00e9e dans le m\u00e9langeur offre une totale libert\u00e9 de mouvement de la mati\u00e8re premi\u00e8re, ce qui permet aux particules de se d\u00e9placer librement et de saturer. Toutes les fonctions du Mixer sont contr\u00f4l\u00e9es par le Mixer Controller..<\/span><\/p>\n<hr \/>\n<div class=\"csRow\">\n<div class=\"csColumnGap\" style=\"margin: 0px; padding: 0px; float: left; width: 1.56%;\"><img decoding=\"async\" style=\"border: none;\" src=\"http:\/\/dvb4all.com\/wp-content\/plugins\/advanced-wp-columns\/assets\/js\/plugins\/views\/img\/1x1-pixel.png\" \/><\/div>\n<div class=\"csColumn\" style=\"margin: 0px; padding: 0px; float: left; width: 17.1%;\" data-csstartpoint=\"15\" data-csendpoint=\"179.5\" data-cswidth=\"17.1%\" data-csid=\"7203060e-1637-f862-8c55-83a621769cd0\"><img loading=\"lazy\" decoding=\"async\" class=\"alignnone size-full wp-image-18\" src=\"http:\/\/mixer.ge\/wp-content\/uploads\/MIXER_datasheet_thumbnail.jpg\" alt=\"\" width=\"141\" height=\"199\" \/><\/div>\n<div class=\"csColumnGap\" style=\"margin: 0px; padding: 0px; float: left; width: 2.71%;\"><img decoding=\"async\" style=\"border: none;\" src=\"http:\/\/dvb4all.com\/wp-content\/plugins\/advanced-wp-columns\/assets\/js\/plugins\/views\/img\/1x1-pixel.png\" \/><\/div>\n<div class=\"csColumn\" style=\"margin: 0px; padding: 0px; float: left; width: 77%;\" data-csstartpoint=\"205.5\" data-csendpoint=\"945\" data-cswidth=\"77.0%\" data-csid=\"f48d6473-ee9b-67ad-848b-21e61dd08d79\">[wpdm_package id='190']<\/div>\n<\/div>\n<hr \/>\n<p>&nbsp;<\/p>\n<p>&nbsp;<\/p>\n<p>&nbsp;<\/p>\n<p>&nbsp;<\/p>\n<hr \/>\n<p>&nbsp;<\/p>\n","protected":false},"featured_media":1012,"template":"","meta":[],"product_brand":[],"product_cat":[32],"product_tag":[],"class_list":{"0":"post-396","1":"product","2":"type-product","3":"status-publish","4":"has-post-thumbnail","6":"product_cat-uncategorized-fr","8":"first","9":"onbackorder","10":"shipping-taxable","11":"purchasable","12":"product-type-simple"},"_links":{"self":[{"href":"https:\/\/mixer.ge\/index.php?rest_route=\/wp\/v2\/product\/396","targetHints":{"allow":["GET"]}}],"collection":[{"href":"https:\/\/mixer.ge\/index.php?rest_route=\/wp\/v2\/product"}],"about":[{"href":"https:\/\/mixer.ge\/index.php?rest_route=\/wp\/v2\/types\/product"}],"wp:featuredmedia":[{"embeddable":true,"href":"https:\/\/mixer.ge\/index.php?rest_route=\/wp\/v2\/media\/1012"}],"wp:attachment":[{"href":"https:\/\/mixer.ge\/index.php?rest_route=%2Fwp%2Fv2%2Fmedia&parent=396"}],"wp:term":[{"taxonomy":"product_brand","embeddable":true,"href":"https:\/\/mixer.ge\/index.php?rest_route=%2Fwp%2Fv2%2Fproduct_brand&post=396"},{"taxonomy":"product_cat","embeddable":true,"href":"https:\/\/mixer.ge\/index.php?rest_route=%2Fwp%2Fv2%2Fproduct_cat&post=396"},{"taxonomy":"product_tag","embeddable":true,"href":"https:\/\/mixer.ge\/index.php?rest_route=%2Fwp%2Fv2%2Fproduct_tag&post=396"}],"curies":[{"name":"wp","href":"https:\/\/api.w.org\/{rel}","templated":true}]}}