{"id":401,"date":"2021-10-13T23:08:56","date_gmt":"2021-10-13T19:08:56","guid":{"rendered":"http:\/\/mixer.ge\/?post_type=product&#038;p=401"},"modified":"2021-10-17T09:43:45","modified_gmt":"2021-10-17T05:43:45","slug":"weight-controller-3","status":"publish","type":"product","link":"https:\/\/mixer.ge\/?product=weight-controller-3&lang=fr","title":{"rendered":"Contr\u00f4leur de pesage"},"content":{"rendered":"<p><img loading=\"lazy\" decoding=\"async\" class=\"alignnone size-medium wp-image-79\" src=\"http:\/\/mixer.ge\/wp-content\/uploads\/Weight_Controller_connection_1200.png\" alt=\"\" width=\"1200\" height=\"865\" \/><\/p>\n","protected":false},"excerpt":{"rendered":"<p><span style=\"color: #808000;\">Le contr\u00f4leur est con\u00e7u pour d\u00e9terminer le poids actuel de la tr\u00e9mie. Les donn\u00e9es de trois capteurs de pesage sont transmises au contr\u00f4leur. Les lectures des capteurs sont additionn\u00e9es et les informations sont transmises au processeur central via le bus CAN.<\/span><\/p>\n<hr \/>\n<div class=\"csRow\">\n<div class=\"csColumnGap\" style=\"margin: 0px; padding: 0px; float: left; width: 1.56%;\"><img decoding=\"async\" style=\"border: none;\" src=\"http:\/\/dvb4all.com\/wp-content\/plugins\/advanced-wp-columns\/assets\/js\/plugins\/views\/img\/1x1-pixel.png\" \/><\/div>\n<div class=\"csColumn\" style=\"margin: 0px; padding: 0px; float: left; width: 17.1%;\" data-csstartpoint=\"15\" data-csendpoint=\"179.5\" data-cswidth=\"17.1%\" data-csid=\"7203060e-1637-f862-8c55-83a621769cd0\"><img loading=\"lazy\" decoding=\"async\" class=\"alignnone size-full wp-image-18\" src=\"http:\/\/mixer.ge\/wp-content\/uploads\/HOPPER_and_DISPENSER_datasheet_thumbnail.jpg\" alt=\"\" width=\"141\" height=\"199\" \/><\/div>\n<div class=\"csColumnGap\" style=\"margin: 0px; padding: 0px; float: left; width: 2.71%;\"><img decoding=\"async\" style=\"border: none;\" src=\"http:\/\/dvb4all.com\/wp-content\/plugins\/advanced-wp-columns\/assets\/js\/plugins\/views\/img\/1x1-pixel.png\" \/><\/div>\n<div class=\"csColumn\" style=\"margin: 0px; padding: 0px; float: left; width: 77%;\" data-csstartpoint=\"205.5\" data-csendpoint=\"945\" data-cswidth=\"77.0%\" data-csid=\"f48d6473-ee9b-67ad-848b-21e61dd08d79\">[wpdm_package id='277']<\/div>\n<\/div>\n<hr \/>\n","protected":false},"featured_media":795,"template":"","meta":[],"product_brand":[],"product_cat":[32],"product_tag":[],"class_list":{"0":"post-401","1":"product","2":"type-product","3":"status-publish","4":"has-post-thumbnail","6":"product_cat-uncategorized-fr","8":"first","9":"instock","10":"shipping-taxable","11":"purchasable","12":"product-type-simple"},"_links":{"self":[{"href":"https:\/\/mixer.ge\/index.php?rest_route=\/wp\/v2\/product\/401","targetHints":{"allow":["GET"]}}],"collection":[{"href":"https:\/\/mixer.ge\/index.php?rest_route=\/wp\/v2\/product"}],"about":[{"href":"https:\/\/mixer.ge\/index.php?rest_route=\/wp\/v2\/types\/product"}],"wp:featuredmedia":[{"embeddable":true,"href":"https:\/\/mixer.ge\/index.php?rest_route=\/wp\/v2\/media\/795"}],"wp:attachment":[{"href":"https:\/\/mixer.ge\/index.php?rest_route=%2Fwp%2Fv2%2Fmedia&parent=401"}],"wp:term":[{"taxonomy":"product_brand","embeddable":true,"href":"https:\/\/mixer.ge\/index.php?rest_route=%2Fwp%2Fv2%2Fproduct_brand&post=401"},{"taxonomy":"product_cat","embeddable":true,"href":"https:\/\/mixer.ge\/index.php?rest_route=%2Fwp%2Fv2%2Fproduct_cat&post=401"},{"taxonomy":"product_tag","embeddable":true,"href":"https:\/\/mixer.ge\/index.php?rest_route=%2Fwp%2Fv2%2Fproduct_tag&post=401"}],"curies":[{"name":"wp","href":"https:\/\/api.w.org\/{rel}","templated":true}]}}